{"id":3431,"date":"2016-03-21T09:58:31","date_gmt":"2016-03-21T08:58:31","guid":{"rendered":"https:\/\/www.principidimola.it\/about-us\/il-territorio"},"modified":"2024-08-22T14:10:49","modified_gmt":"2024-08-22T12:10:49","slug":"the-territory","status":"publish","type":"page","link":"https:\/\/www.principidimola.it\/en\/about-us\/the-territory","title":{"rendered":"The Territory"},"content":{"rendered":"<div class=\"wpb-content-wrapper\"><p>[vc_row full_width=&#8221;stretch_row_content_no_spaces&#8221; css_animation=&#8221;&#8221; css=&#8221;.vc_custom_1458555179979{padding-bottom: 0px !important;}&#8221;][vc_column css_animation=&#8221;&#8221;][vc_gallery interval=&#8221;3&#8243; images=&#8221;2816,2817,2818,2819,2820&#8243; img_size=&#8221;full&#8221; onclick=&#8221;&#8221; css=&#8221;&#8221;][\/vc_column][\/vc_row][vc_row css_animation=&#8221;&#8221; css=&#8221;.vc_custom_1458737831058{padding-bottom: 0px !important;}&#8221;][vc_column width=&#8221;1\/6&#8243; css_animation=&#8221;&#8221;][\/vc_column][vc_column width=&#8221;2\/3&#8243; css_animation=&#8221;&#8221; css=&#8221;.vc_custom_1458555142589{padding-right: 10% !important;padding-left: 10% !important;}&#8221;]\n\t<div class=\"title-subtitle-box \" style=\" text-align: center;\">\n\t\t<h1 style=\" font-style: normal;\">The Estate<\/h1>\n\t<\/div> [vc_column_text css=&#8221;&#8221; css_animation=&#8221;&#8221;]The estate where the wine Principi di Mola was born is situated in the municipality of Rod\u00ec Milici, in a hill very well ventilated and sunny, situated between the Tyrrhenian Sea and the Mountains of Nebrodi. Here, since generations, the terrain provides fine grapes that produce a wine of excellent flavor since the 3rd century B.C.[\/vc_column_text][\/vc_column][vc_column width=&#8221;1\/6&#8243; css_animation=&#8221;&#8221;][\/vc_column][\/vc_row][vc_row gap=&#8221;1&#8243; css_animation=&#8221;&#8221;][vc_column css_animation=&#8221;&#8221; offset=&#8221;vc_col-lg-4 vc_col-md-4&#8243;]\n\t<div class=\"title-subtitle-box \" style=\" text-align: left;\">\n\t\t<p  style=\"\">History<\/p>\n\t\t<h1 style=\" font-style: normal;\">The mamertines<\/h1>\n\t<\/div> [vc_column_text css=&#8221;&#8221; css_animation=&#8221;&#8221;]The Mamertines (Greek: \u039c\u03b1\u03bc\u03b5\u03c1\u03c4\u1fd6\u03bd\u03bf\u03b9), i.e. \u2018sons of Mamerte\u2019 or Mamers (the Oscan god of war, who corresponded to the Latin Mars), were mercenary soldiers, most famous for playing a leading role in the outbreak of the First Punic War.<\/p>\n<p>Mostly of Campanian origin, they were enlisted between the end of the 4th and the beginning of the 3rd century BC by Agathocles, tyrant of Syracuse. When the latter died in 289 B.C., most of the Mamertines, left without work, returned home, while others remained on the island. Some of them treacherously seized the Greek city of Messina, located on the straits, in a strategically important position. They then took the name Mamertini.[\/vc_column_text][\/vc_column][vc_column width=&#8221;1\/2&#8243; css_animation=&#8221;&#8221; offset=&#8221;vc_col-lg-4 vc_col-md-4&#8243;][vc_single_image image=&#8221;2750&#8243; img_size=&#8221;full&#8221; alignment=&#8221;center&#8221; css=&#8221;&#8221; css_animation=&#8221;&#8221;][vc_column_text css=&#8221;&#8221; css_animation=&#8221;&#8221;]Minor protagonists of the Punic Wars, they are remembered for their warlike actions that contributed to Rome&#8217;s successes over Carthage.<br \/>\nOnce the Punic wars were over, the remaining Mamertines continued the traditional agricultural activities of the area and planted in the hilly areas adjacent to Milazzo a valuable vine, from whose fruit was born one of the wines most appreciated by the Romans.[\/vc_column_text][\/vc_column][vc_column width=&#8221;1\/2&#8243; css_animation=&#8221;&#8221; offset=&#8221;vc_col-lg-4 vc_col-md-4&#8243;][vc_column_text css=&#8221;&#8221; css_animation=&#8221;&#8221;]The Mamertine trade was in fact very flourishing, especially among Roman patricians and others, which is why it became a much sought-after wine. Its goodness was such that Julius Caesar recounts in \u2018De Bello Gallico\u2019 that he offered it to his diners at a banquet held to celebrate his third consulate. Pliny the Elder also commented positively on Mamertino, describing it as a wine worthy of the Emperors&#8217; table.<\/p>\n<p style=\"font-weight: 400;\"><b><strong>The Mamertino DOC<\/strong><\/b><\/p>\n<p style=\"font-weight: 400;\">Mamertino or Mamertino di Milazzo, is a DOC wine established by decree of 03\/09\/2004 published in the official gazette of 11\/09\/04 no. 214. It embraces wines produced in the following municipalities Al\u00ec, Al\u00ec Terme, Barcellona Pozzo di Gotto, Basic\u00f2, Castroreale, Condr\u00f2, Falcone, Fiumedinisi, Furnari, Gualtieri Sicamin\u00f2, Itala, Librizzi, Mazzarr\u00e0 Sant&#8217;Andrea, Mer\u00ec, Milazzo, Monforte San Giorgio, Montalbano Elicona, Nizza di Sicilia, Oliveri, Pace del Mela, Patti, Roccalumera, Roccavaldina, Rod\u00ec Milici, San Filippo del Mela, Santa Lucia del Mela, San Pier Niceto, Scaletta Zanclea, Terme Vigliatore, Torregrotta, Tripi. All in the province of Messina.<\/p>\n<p><a class=\"\" href=\"\/wp-content\/uploads\/2024\/06\/disciplinare_mamertino_doc.pdf\" target=\"_blank\" rel=\"noopener noreferrer\">Download the specification here<\/a>[\/vc_column_text][\/vc_column][\/vc_row][vc_row full_width=&#8221;stretch_row&#8221; full_height=&#8221;yes&#8221; content_placement=&#8221;middle&#8221; video_bg=&#8221;yes&#8221; video_bg_url=&#8221;https:\/\/www.youtube.com\/watch?v=JjV32wg9sUU&#8221; css_animation=&#8221;&#8221;][vc_column css_animation=&#8221;&#8221;][\/vc_column][\/vc_row]<\/p>\n<\/div>","protected":false},"excerpt":{"rendered":"<p>[vc_row full_width=&#8221;stretch_row_content_no_spaces&#8221; css_animation=&#8221;&#8221; css=&#8221;.vc_custom_1458555179979{padding-bottom: 0px !important;}&#8221;][vc_column css_animation=&#8221;&#8221;][vc_gallery interval=&#8221;3&#8243; images=&#8221;2816,2817,2818,2819,2820&#8243; img_size=&#8221;full&#8221; onclick=&#8221;&#8221; css=&#8221;&#8221;][\/vc_column][\/vc_row][vc_row css_animation=&#8221;&#8221; css=&#8221;.vc_custom_1458737831058{padding-bottom: 0px !important;}&#8221;][vc_column width=&#8221;1\/6&#8243; css_animation=&#8221;&#8221;][\/vc_column][vc_column width=&#8221;2\/3&#8243; css_animation=&#8221;&#8221; css=&#8221;.vc_custom_1458555142589{padding-right: 10% !important;padding-left: 10% !important;}&#8221;][vc_column_text css=&#8221;&#8221; css_animation=&#8221;&#8221;]The estate where the<br class=\"read-more-spacer\"> <a class=\"more-link\" href=\"https:\/\/www.principidimola.it\/en\/about-us\/the-territory\">Read More<\/a><\/p>\n","protected":false},"author":1,"featured_media":3290,"parent":3400,"menu_order":0,"comment_status":"closed","ping_status":"closed","template":"","meta":{"_acf_changed":false,"footnotes":""},"class_list":["post-3431","page","type-page","status-publish","has-post-thumbnail","hentry"],"acf":[],"yoast_head":"<!-- This site is optimized with the Yoast SEO plugin v26.7 - https:\/\/yoast.com\/wordpress\/plugins\/seo\/ -->\n<title>The Territory - Vini di Sicilia - Azienda Agricola Salvo - Principi di Mola<\/title>\n<meta name=\"robots\" content=\"index, follow, max-snippet:-1, max-image-preview:large, max-video-preview:-1\" \/>\n<link rel=\"canonical\" href=\"https:\/\/www.principidimola.it\/en\/about-us\/the-territory\" \/>\n<meta property=\"og:locale\" content=\"en_US\" \/>\n<meta property=\"og:type\" content=\"article\" \/>\n<meta property=\"og:title\" content=\"The Territory - Vini di Sicilia - Azienda Agricola Salvo - Principi di Mola\" \/>\n<meta property=\"og:description\" content=\"[vc_row full_width=&#8221;stretch_row_content_no_spaces&#8221; css_animation=&#8221;&#8221; css=&#8221;.vc_custom_1458555179979{padding-bottom: 0px !important;}&#8221;][vc_column css_animation=&#8221;&#8221;][vc_gallery interval=&#8221;3&#8243; images=&#8221;2816,2817,2818,2819,2820&#8243; img_size=&#8221;full&#8221; onclick=&#8221;&#8221; css=&#8221;&#8221;][\/vc_column][\/vc_row][vc_row css_animation=&#8221;&#8221; css=&#8221;.vc_custom_1458737831058{padding-bottom: 0px !important;}&#8221;][vc_column width=&#8221;1\/6&#8243; css_animation=&#8221;&#8221;][\/vc_column][vc_column width=&#8221;2\/3&#8243; css_animation=&#8221;&#8221; css=&#8221;.vc_custom_1458555142589{padding-right: 10% !important;padding-left: 10% !important;}&#8221;][vc_column_text css=&#8221;&#8221; css_animation=&#8221;&#8221;]The estate where the Read More\" \/>\n<meta property=\"og:url\" content=\"https:\/\/www.principidimola.it\/en\/about-us\/the-territory\" \/>\n<meta property=\"og:site_name\" content=\"Vini di Sicilia - Azienda Agricola Salvo - Principi di Mola\" \/>\n<meta property=\"article:publisher\" content=\"https:\/\/www.facebook.com\/principidimola\" \/>\n<meta property=\"article:modified_time\" content=\"2024-08-22T12:10:49+00:00\" \/>\n<meta property=\"og:image\" content=\"https:\/\/www.principidimola.it\/wp-content\/uploads\/2024\/06\/territorio_slide_2.jpg\" \/>\n\t<meta property=\"og:image:width\" content=\"1800\" \/>\n\t<meta property=\"og:image:height\" content=\"600\" \/>\n\t<meta property=\"og:image:type\" content=\"image\/jpeg\" \/>\n<meta name=\"twitter:card\" content=\"summary_large_image\" \/>\n<meta name=\"twitter:label1\" content=\"Est. reading time\" \/>\n\t<meta name=\"twitter:data1\" content=\"3 minutes\" \/>\n<script type=\"application\/ld+json\" class=\"yoast-schema-graph\">{\"@context\":\"https:\/\/schema.org\",\"@graph\":[{\"@type\":\"WebPage\",\"@id\":\"https:\/\/www.principidimola.it\/en\/about-us\/the-territory\",\"url\":\"https:\/\/www.principidimola.it\/en\/about-us\/the-territory\",\"name\":\"The Territory - Vini di Sicilia - Azienda Agricola Salvo - Principi di Mola\",\"isPartOf\":{\"@id\":\"https:\/\/www.principidimola.it\/en#website\"},\"primaryImageOfPage\":{\"@id\":\"https:\/\/www.principidimola.it\/en\/about-us\/the-territory#primaryimage\"},\"image\":{\"@id\":\"https:\/\/www.principidimola.it\/en\/about-us\/the-territory#primaryimage\"},\"thumbnailUrl\":\"https:\/\/www.principidimola.it\/wp-content\/uploads\/2024\/06\/territorio_slide_2.jpg\",\"datePublished\":\"2016-03-21T08:58:31+00:00\",\"dateModified\":\"2024-08-22T12:10:49+00:00\",\"breadcrumb\":{\"@id\":\"https:\/\/www.principidimola.it\/en\/about-us\/the-territory#breadcrumb\"},\"inLanguage\":\"en-US\",\"potentialAction\":[{\"@type\":\"ReadAction\",\"target\":[\"https:\/\/www.principidimola.it\/en\/about-us\/the-territory\"]}]},{\"@type\":\"ImageObject\",\"inLanguage\":\"en-US\",\"@id\":\"https:\/\/www.principidimola.it\/en\/about-us\/the-territory#primaryimage\",\"url\":\"https:\/\/www.principidimola.it\/wp-content\/uploads\/2024\/06\/territorio_slide_2.jpg\",\"contentUrl\":\"https:\/\/www.principidimola.it\/wp-content\/uploads\/2024\/06\/territorio_slide_2.jpg\",\"width\":1800,\"height\":600},{\"@type\":\"BreadcrumbList\",\"@id\":\"https:\/\/www.principidimola.it\/en\/about-us\/the-territory#breadcrumb\",\"itemListElement\":[{\"@type\":\"ListItem\",\"position\":1,\"name\":\"Home\",\"item\":\"https:\/\/www.principidimola.it\/en\"},{\"@type\":\"ListItem\",\"position\":2,\"name\":\"About us\",\"item\":\"https:\/\/www.principidimola.it\/en\/about-us\"},{\"@type\":\"ListItem\",\"position\":3,\"name\":\"The Territory\"}]},{\"@type\":\"WebSite\",\"@id\":\"https:\/\/www.principidimola.it\/en#website\",\"url\":\"https:\/\/www.principidimola.it\/en\",\"name\":\"Azienda Agricola Salvo - Principi di Mola - Vini di Sicilia\",\"description\":\"\",\"publisher\":{\"@id\":\"https:\/\/www.principidimola.it\/en#organization\"},\"potentialAction\":[{\"@type\":\"SearchAction\",\"target\":{\"@type\":\"EntryPoint\",\"urlTemplate\":\"https:\/\/www.principidimola.it\/en?s={search_term_string}\"},\"query-input\":{\"@type\":\"PropertyValueSpecification\",\"valueRequired\":true,\"valueName\":\"search_term_string\"}}],\"inLanguage\":\"en-US\"},{\"@type\":\"Organization\",\"@id\":\"https:\/\/www.principidimola.it\/en#organization\",\"name\":\"Azienda Agricola Salvo - Principi di Mola - Vini di Sicilia\",\"url\":\"https:\/\/www.principidimola.it\/en\",\"logo\":{\"@type\":\"ImageObject\",\"inLanguage\":\"en-US\",\"@id\":\"https:\/\/www.principidimola.it\/en#\/schema\/logo\/image\/\",\"url\":\"https:\/\/www.principidimola.it\/wp-content\/uploads\/2024\/06\/favicon.png\",\"contentUrl\":\"https:\/\/www.principidimola.it\/wp-content\/uploads\/2024\/06\/favicon.png\",\"width\":179,\"height\":130,\"caption\":\"Azienda Agricola Salvo - Principi di Mola - Vini di Sicilia\"},\"image\":{\"@id\":\"https:\/\/www.principidimola.it\/en#\/schema\/logo\/image\/\"},\"sameAs\":[\"https:\/\/www.facebook.com\/principidimola\",\"https:\/\/www.instagram.com\/principidimola\/\"]}]}<\/script>\n<!-- \/ Yoast SEO plugin. -->","yoast_head_json":{"title":"The Territory - Vini di Sicilia - Azienda Agricola Salvo - Principi di Mola","robots":{"index":"index","follow":"follow","max-snippet":"max-snippet:-1","max-image-preview":"max-image-preview:large","max-video-preview":"max-video-preview:-1"},"canonical":"https:\/\/www.principidimola.it\/en\/about-us\/the-territory","og_locale":"en_US","og_type":"article","og_title":"The Territory - Vini di Sicilia - Azienda Agricola Salvo - Principi di Mola","og_description":"[vc_row full_width=&#8221;stretch_row_content_no_spaces&#8221; css_animation=&#8221;&#8221; css=&#8221;.vc_custom_1458555179979{padding-bottom: 0px !important;}&#8221;][vc_column css_animation=&#8221;&#8221;][vc_gallery interval=&#8221;3&#8243; images=&#8221;2816,2817,2818,2819,2820&#8243; img_size=&#8221;full&#8221; onclick=&#8221;&#8221; css=&#8221;&#8221;][\/vc_column][\/vc_row][vc_row css_animation=&#8221;&#8221; css=&#8221;.vc_custom_1458737831058{padding-bottom: 0px !important;}&#8221;][vc_column width=&#8221;1\/6&#8243; css_animation=&#8221;&#8221;][\/vc_column][vc_column width=&#8221;2\/3&#8243; css_animation=&#8221;&#8221; css=&#8221;.vc_custom_1458555142589{padding-right: 10% !important;padding-left: 10% !important;}&#8221;][vc_column_text css=&#8221;&#8221; css_animation=&#8221;&#8221;]The estate where the Read More","og_url":"https:\/\/www.principidimola.it\/en\/about-us\/the-territory","og_site_name":"Vini di Sicilia - Azienda Agricola Salvo - Principi di Mola","article_publisher":"https:\/\/www.facebook.com\/principidimola","article_modified_time":"2024-08-22T12:10:49+00:00","og_image":[{"width":1800,"height":600,"url":"https:\/\/www.principidimola.it\/wp-content\/uploads\/2024\/06\/territorio_slide_2.jpg","type":"image\/jpeg"}],"twitter_card":"summary_large_image","twitter_misc":{"Est. reading time":"3 minutes"},"schema":{"@context":"https:\/\/schema.org","@graph":[{"@type":"WebPage","@id":"https:\/\/www.principidimola.it\/en\/about-us\/the-territory","url":"https:\/\/www.principidimola.it\/en\/about-us\/the-territory","name":"The Territory - Vini di Sicilia - Azienda Agricola Salvo - Principi di Mola","isPartOf":{"@id":"https:\/\/www.principidimola.it\/en#website"},"primaryImageOfPage":{"@id":"https:\/\/www.principidimola.it\/en\/about-us\/the-territory#primaryimage"},"image":{"@id":"https:\/\/www.principidimola.it\/en\/about-us\/the-territory#primaryimage"},"thumbnailUrl":"https:\/\/www.principidimola.it\/wp-content\/uploads\/2024\/06\/territorio_slide_2.jpg","datePublished":"2016-03-21T08:58:31+00:00","dateModified":"2024-08-22T12:10:49+00:00","breadcrumb":{"@id":"https:\/\/www.principidimola.it\/en\/about-us\/the-territory#breadcrumb"},"inLanguage":"en-US","potentialAction":[{"@type":"ReadAction","target":["https:\/\/www.principidimola.it\/en\/about-us\/the-territory"]}]},{"@type":"ImageObject","inLanguage":"en-US","@id":"https:\/\/www.principidimola.it\/en\/about-us\/the-territory#primaryimage","url":"https:\/\/www.principidimola.it\/wp-content\/uploads\/2024\/06\/territorio_slide_2.jpg","contentUrl":"https:\/\/www.principidimola.it\/wp-content\/uploads\/2024\/06\/territorio_slide_2.jpg","width":1800,"height":600},{"@type":"BreadcrumbList","@id":"https:\/\/www.principidimola.it\/en\/about-us\/the-territory#breadcrumb","itemListElement":[{"@type":"ListItem","position":1,"name":"Home","item":"https:\/\/www.principidimola.it\/en"},{"@type":"ListItem","position":2,"name":"About us","item":"https:\/\/www.principidimola.it\/en\/about-us"},{"@type":"ListItem","position":3,"name":"The Territory"}]},{"@type":"WebSite","@id":"https:\/\/www.principidimola.it\/en#website","url":"https:\/\/www.principidimola.it\/en","name":"Azienda Agricola Salvo - Principi di Mola - Vini di Sicilia","description":"","publisher":{"@id":"https:\/\/www.principidimola.it\/en#organization"},"potentialAction":[{"@type":"SearchAction","target":{"@type":"EntryPoint","urlTemplate":"https:\/\/www.principidimola.it\/en?s={search_term_string}"},"query-input":{"@type":"PropertyValueSpecification","valueRequired":true,"valueName":"search_term_string"}}],"inLanguage":"en-US"},{"@type":"Organization","@id":"https:\/\/www.principidimola.it\/en#organization","name":"Azienda Agricola Salvo - Principi di Mola - Vini di Sicilia","url":"https:\/\/www.principidimola.it\/en","logo":{"@type":"ImageObject","inLanguage":"en-US","@id":"https:\/\/www.principidimola.it\/en#\/schema\/logo\/image\/","url":"https:\/\/www.principidimola.it\/wp-content\/uploads\/2024\/06\/favicon.png","contentUrl":"https:\/\/www.principidimola.it\/wp-content\/uploads\/2024\/06\/favicon.png","width":179,"height":130,"caption":"Azienda Agricola Salvo - Principi di Mola - Vini di Sicilia"},"image":{"@id":"https:\/\/www.principidimola.it\/en#\/schema\/logo\/image\/"},"sameAs":["https:\/\/www.facebook.com\/principidimola","https:\/\/www.instagram.com\/principidimola\/"]}]}},"_links":{"self":[{"href":"https:\/\/www.principidimola.it\/en\/wp-json\/wp\/v2\/pages\/3431","targetHints":{"allow":["GET"]}}],"collection":[{"href":"https:\/\/www.principidimola.it\/en\/wp-json\/wp\/v2\/pages"}],"about":[{"href":"https:\/\/www.principidimola.it\/en\/wp-json\/wp\/v2\/types\/page"}],"author":[{"embeddable":true,"href":"https:\/\/www.principidimola.it\/en\/wp-json\/wp\/v2\/users\/1"}],"replies":[{"embeddable":true,"href":"https:\/\/www.principidimola.it\/en\/wp-json\/wp\/v2\/comments?post=3431"}],"version-history":[{"count":7,"href":"https:\/\/www.principidimola.it\/en\/wp-json\/wp\/v2\/pages\/3431\/revisions"}],"predecessor-version":[{"id":3442,"href":"https:\/\/www.principidimola.it\/en\/wp-json\/wp\/v2\/pages\/3431\/revisions\/3442"}],"up":[{"embeddable":true,"href":"https:\/\/www.principidimola.it\/en\/wp-json\/wp\/v2\/pages\/3400"}],"wp:featuredmedia":[{"embeddable":true,"href":"https:\/\/www.principidimola.it\/en\/wp-json\/wp\/v2\/media\/3290"}],"wp:attachment":[{"href":"https:\/\/www.principidimola.it\/en\/wp-json\/wp\/v2\/media?parent=3431"}],"curies":[{"name":"wp","href":"https:\/\/api.w.org\/{rel}","templated":true}]}}